{"id":3944,"date":"2024-05-09T11:29:18","date_gmt":"2024-05-09T11:29:18","guid":{"rendered":"http:\/\/cloverhome.com.tr\/?page_id=3944"},"modified":"2025-02-05T19:02:32","modified_gmt":"2025-02-05T19:02:32","slug":"values-promise","status":"publish","type":"page","link":"https:\/\/cloverhome.com.tr\/tr\/values-promise\/","title":{"rendered":"De\u011ferlerimiz ve S\u00f6z\u00fcm\u00fcz"},"content":{"rendered":"<div class=\"wpb-content-wrapper\"><div class=\"vc_wpb_row_inner  vc_custom_1539588804561\"><div class=\"vc_row wpb_row vc_row-fluid remove_padding row-container\"><div class=\"container\"><div class=\"row\"><div class=\"wpb_column vc_column_container vc_col-sm-12\"><div class=\"vc_column-inner\"><div class=\"wpb_wrapper\">\r\n<div class=\"widget gsc-heading  align-left style-2 text-dark\">\r\n      <h2 class=\"title\"><span>Our Values &amp; Promise<\/span><\/h2>   <div class=\"line\"><span><\/span><\/div>\r\n   <\/div>\r\n\n\t<div class=\"wpb_text_column wpb_content_element\" >\n\t\t<div class=\"wpb_wrapper\">\n\t\t\t<p>At clover\u00ae home, our values are the guiding principles that shape our company culture and define our interactions with customers, partners, and the world at large.<\/p>\n<p><strong>Quality Craftsmanship<\/strong><\/p>\n<p>We are committed to upholding the highest standards of quality craftsmanship in everything we do. From the selection of materials to the finishing touches, we take pride in ensuring that each clover\u00ae home product reflects our dedication to excellence.<\/p>\n<p><strong>Innovation<\/strong><\/p>\n<p>Innovation is at the heart of clover\u00ae home. We embrace creativity and push the boundaries of design and technology to bring you products that are not only beautiful but also functional and innovative.<\/p>\n<p><strong>Customer Satisfaction<\/strong><\/p>\n<p>Your satisfaction is our top priority at clover\u00ae home. We strive to provide an exceptional shopping experience, from the moment you visit our website to the delivery of your order. We value your feedback and are always here to assist you in any way we can.<\/p>\n<p><strong>Fairness &amp; Fair Trade<\/strong><\/p>\n<p>We believe in fairness and ethical business practices. We are committed to fair trade principles and ensuring that everyone involved in the production process, from farmers to artisans, is treated with dignity and respect.<\/p>\n<p><strong>Care<\/strong><\/p>\n<p>We care deeply about the well-being of our customers, our employees, and the communities in which we operate. We strive to create products that not only enhance your comfort and style but also contribute to a better world.<\/p>\n<p><strong>Honesty<\/strong><\/p>\n<p>Honesty is the foundation of our relationships with customers and partners. We are transparent in our communication and conduct business with the utmost integrity and honesty.<\/p>\n<p><strong>Integrity<\/strong><\/p>\n<p>Integrity is non-negotiable at clover\u00ae home. We stand by our commitments and uphold the highest ethical standards in all our interactions.<\/p>\n<p><strong>Respect<\/strong><\/p>\n<p>Respect for our customers, our employees, and the environment is paramount at clover\u00ae home. We treat everyone with kindness, empathy, and respect.<\/p>\n<p><strong>Responsibility<\/strong><\/p>\n<p>As a responsible company, we are committed to minimizing our environmental impact and contributing positively to society. We take our corporate social responsibility seriously and strive to make a difference in the world.<\/p>\n<p><strong>Our Promise<\/strong><\/p>\n<p>Bringing quality, and sustainability to business life. When you choose clover\u00ae home, you&#8217;re not just buying a product\u2014you&#8217;re joining a community that values quality, innovation, and sustainability. You&#8217;re choosing excellence, integrity, and respect. Thank you for choosing clover\u00ae home.<\/p>\n\n\t\t<\/div>\n\t<\/div>\n\n\t<div  class=\"wpb_single_image wpb_content_element vc_align_center wpb_content_element vc_custom_1715254537608\">\n\t\t\n\t\t<figure class=\"wpb_wrapper vc_figure\">\n\t\t\t<div class=\"vc_single_image-wrapper vc_box_rounded  vc_box_border_grey\"><img loading=\"lazy\" decoding=\"async\" width=\"950\" height=\"500\" src=\"https:\/\/cloverhome.com.tr\/wp-content\/uploads\/2024\/05\/v-p-001.jpg\" class=\"vc_single_image-img attachment-full\" alt=\"\" title=\"\" \/><\/div>\n\t\t<\/figure>\n\t<\/div>\n<\/div><\/div><\/div><\/div><\/div><\/div><\/div><div class=\"vc_wpb_row_inner\"><div class=\"vc_row wpb_row vc_row-fluid remove_padding row-container\"><div class=\"container\"><div class=\"row\"><div class=\"wpb_column vc_column_container vc_col-sm-12\"><div class=\"vc_column-inner\"><div class=\"wpb_wrapper\"><\/div><\/div><\/div><\/div><\/div><\/div><\/div>\n<\/div>","protected":false},"excerpt":{"rendered":"Our Values &amp; Promise At clover\u00ae home, our values are the guiding principles that shape our company culture and define our interactions with customers, partners, and the world at large. Quality Craftsmanship We are committed to upholding the highest standards of quality craftsmanship in everything we do. From the selection of materials to the finishing [...]","protected":false},"author":1,"featured_media":0,"parent":0,"menu_order":0,"comment_status":"closed","ping_status":"closed","template":"","meta":{"footnotes":""},"class_list":["post-3944","page","type-page","status-publish","hentry"],"_links":{"self":[{"href":"https:\/\/cloverhome.com.tr\/tr\/wp-json\/wp\/v2\/pages\/3944","targetHints":{"allow":["GET"]}}],"collection":[{"href":"https:\/\/cloverhome.com.tr\/tr\/wp-json\/wp\/v2\/pages"}],"about":[{"href":"https:\/\/cloverhome.com.tr\/tr\/wp-json\/wp\/v2\/types\/page"}],"author":[{"embeddable":true,"href":"https:\/\/cloverhome.com.tr\/tr\/wp-json\/wp\/v2\/users\/1"}],"replies":[{"embeddable":true,"href":"https:\/\/cloverhome.com.tr\/tr\/wp-json\/wp\/v2\/comments?post=3944"}],"version-history":[{"count":6,"href":"https:\/\/cloverhome.com.tr\/tr\/wp-json\/wp\/v2\/pages\/3944\/revisions"}],"predecessor-version":[{"id":5673,"href":"https:\/\/cloverhome.com.tr\/tr\/wp-json\/wp\/v2\/pages\/3944\/revisions\/5673"}],"wp:attachment":[{"href":"https:\/\/cloverhome.com.tr\/tr\/wp-json\/wp\/v2\/media?parent=3944"}],"curies":[{"name":"wp","href":"https:\/\/api.w.org\/{rel}","templated":true}]}}