{"id":3988,"date":"2024-05-09T12:38:30","date_gmt":"2024-05-09T12:38:30","guid":{"rendered":"http:\/\/cloverhome.com.tr\/?page_id=3988"},"modified":"2025-02-05T19:09:44","modified_gmt":"2025-02-05T19:09:44","slug":"environment-policy","status":"publish","type":"page","link":"https:\/\/cloverhome.com.tr\/tr\/environment-policy\/","title":{"rendered":"\u00c7evre Politikalar\u0131m\u0131z"},"content":{"rendered":"<div class=\"wpb-content-wrapper\"><div class=\"vc_wpb_row_inner  vc_custom_1539588804561\"><div class=\"vc_row wpb_row vc_row-fluid remove_padding row-container\"><div class=\"container\"><div class=\"row\"><div class=\"wpb_column vc_column_container vc_col-sm-12\"><div class=\"vc_column-inner\"><div class=\"wpb_wrapper\">\r\n<div class=\"widget gsc-heading  align-left style-2 text-dark\">\r\n      <h2 class=\"title\"><span>\u00c7evre Politikalar\u0131m\u0131z<\/span><\/h2>   <div class=\"line\"><span><\/span><\/div>\r\n   <\/div>\r\n\n\t<div class=\"wpb_text_column wpb_content_element\" >\n\t\t<div class=\"wpb_wrapper\">\n\t\t\t<p>clover\u00ae home is committed to providing a quality products &amp; services in a manner that ensures a safe and healthy workplace for our employees and minimizes our potential impact on the environment.<\/p>\n<p>We will operate in compliance with all relevant environmental legislation and we will strive to use pollution prevention and environmental best practices in all we do.<\/p>\n<p><strong>Our Policy therefore, is to :<\/strong><\/p>\n<p>&nbsp;<\/p>\n<ul>\n<li>Integrate the consideration of environmental concerns and impacts into our decision making and activities.<\/li>\n<li>Minimize our waste and then reuse or recycle as much of it as is possible<\/li>\n<li>Minimize energy and water use within our buildings and processes in order to conserve supplies and minimize the consumption of natural resources.<\/li>\n<li>As far as is possible, purchase products and services that do the least damage to the environment.<\/li>\n<li>Train, educate and inform our employees about environmental issues that may affect their work.<\/li>\n<li>Promote environmental awareness among our employees and encourage them<br \/>\nto work in an environmentally responsible manner.<\/li>\n<li>Communicate our environmental commitment to clients, customers and the public and encourage them to support it.<\/li>\n<li>Where required by legislation or where significant health, safety or environmental hazards exist, develop and maintain appropriate emergency and spill response programs.<\/li>\n<\/ul>\n\n\t\t<\/div>\n\t<\/div>\n\n\t<div  class=\"wpb_single_image wpb_content_element vc_align_center wpb_content_element vc_custom_1715258497787\">\n\t\t\n\t\t<figure class=\"wpb_wrapper vc_figure\">\n\t\t\t<div class=\"vc_single_image-wrapper vc_box_rounded  vc_box_border_grey\"><img loading=\"lazy\" decoding=\"async\" width=\"950\" height=\"500\" src=\"https:\/\/cloverhome.com.tr\/wp-content\/uploads\/2024\/05\/enverion-001.jpg\" class=\"vc_single_image-img attachment-full\" alt=\"\" title=\"\" \/><\/div>\n\t\t<\/figure>\n\t<\/div>\n<\/div><\/div><\/div><\/div><\/div><\/div><\/div><div class=\"vc_wpb_row_inner\"><div class=\"vc_row wpb_row vc_row-fluid remove_padding row-container\"><div class=\"container\"><div class=\"row\"><div class=\"wpb_column vc_column_container vc_col-sm-12\"><div class=\"vc_column-inner\"><div class=\"wpb_wrapper\"><\/div><\/div><\/div><\/div><\/div><\/div><\/div>\n<\/div>","protected":false},"excerpt":{"rendered":"Environment Policy clover\u00ae home is committed to providing a quality products &amp; services in a manner that ensures a safe and healthy workplace for our employees and minimizes our potential impact on the environment. We will operate in compliance with all relevant environmental legislation and we will strive to use pollution prevention and environmental best [...]","protected":false},"author":1,"featured_media":0,"parent":0,"menu_order":0,"comment_status":"closed","ping_status":"closed","template":"","meta":{"footnotes":""},"class_list":["post-3988","page","type-page","status-publish","hentry"],"_links":{"self":[{"href":"https:\/\/cloverhome.com.tr\/tr\/wp-json\/wp\/v2\/pages\/3988","targetHints":{"allow":["GET"]}}],"collection":[{"href":"https:\/\/cloverhome.com.tr\/tr\/wp-json\/wp\/v2\/pages"}],"about":[{"href":"https:\/\/cloverhome.com.tr\/tr\/wp-json\/wp\/v2\/types\/page"}],"author":[{"embeddable":true,"href":"https:\/\/cloverhome.com.tr\/tr\/wp-json\/wp\/v2\/users\/1"}],"replies":[{"embeddable":true,"href":"https:\/\/cloverhome.com.tr\/tr\/wp-json\/wp\/v2\/comments?post=3988"}],"version-history":[{"count":5,"href":"https:\/\/cloverhome.com.tr\/tr\/wp-json\/wp\/v2\/pages\/3988\/revisions"}],"predecessor-version":[{"id":5679,"href":"https:\/\/cloverhome.com.tr\/tr\/wp-json\/wp\/v2\/pages\/3988\/revisions\/5679"}],"wp:attachment":[{"href":"https:\/\/cloverhome.com.tr\/tr\/wp-json\/wp\/v2\/media?parent=3988"}],"curies":[{"name":"wp","href":"https:\/\/api.w.org\/{rel}","templated":true}]}}